{"id":503,"date":"2008-01-13T18:37:17","date_gmt":"2008-01-13T17:37:17","guid":{"rendered":"http:\/\/www.sclbadenbaden.de\/?page_id=503"},"modified":"2022-01-29T19:29:00","modified_gmt":"2022-01-29T18:29:00","slug":"links","status":"publish","type":"page","link":"https:\/\/www.sclbadenbaden.de\/?page_id=503","title":{"rendered":"Links"},"content":{"rendered":"<p><span style=\"color: #333399;\"><strong style=\"color: #333399;\">IAAF &gt;&nbsp;<a style=\"color: #333399;\" href=\"http:\/\/www.iaaf.org\/home\">Internationaler Leichtathletik Verband<\/a><\/strong><\/span><\/p>\n<p><span style=\"color: #333399;\"><strong>EAAF &gt;&nbsp;<a style=\"color: #333399;\" href=\"http:\/\/www.european-athletics.org\/\" target=\"_blank\" rel=\"noopener\">Europ\u00e4ischer Leichtathletik Verband<\/a><\/strong><\/span><\/p>\n<p><span style=\"color: #333399;\"><strong>DLV &gt;&nbsp;<a style=\"color: #333399;\" href=\"http:\/\/www.leichtathletik.de\/\" target=\"_blank\" rel=\"noopener\">Deutscher Leichtathletik-Verband<\/a><\/strong><\/span><\/p>\n<p><span style=\"color: #333399;\"><strong><a style=\"color: #333399;\" href=\"http:\/\/www.deutscher-leichtathletik-verband.de\/index.php?SiteID=146\" target=\"_blank\" rel=\"noopener\">DLV Landesverb\u00e4nde<\/a><\/strong><\/span><\/p>\n<p><span style=\"color: #333399;\"><strong style=\"color: #333399;\">BLV &gt;&nbsp;<a style=\"color: #333399;\" href=\"http:\/\/www.blv-online.de\/index.php?id=16\">Badische Leichtathletik-Verband<\/a><\/strong><\/span><\/p>\n<p><span style=\"color: #333399;\"><strong>WLV &gt;&nbsp;<a style=\"color: #333399;\" href=\"http:\/\/www.wlv-sport.de\/\" target=\"_blank\" rel=\"noopener\">W\u00fcrttembergischen Leichtathletik-Verband<\/a><\/strong><\/span><\/p>\n<p><span style=\"color: #333399;\">&nbsp;<\/span><\/p>\n","protected":false},"excerpt":{"rendered":"<p>IAAF &gt;&nbsp;Internationaler Leichtathletik Verband EAAF &gt;&nbsp;Europ\u00e4ischer Leichtathletik Verband DLV &gt;&nbsp;Deutscher Leichtathletik-Verband DLV Landesverb\u00e4nde BLV &gt;&nbsp;Badische Leichtathletik-Verband WLV &gt;&nbsp;W\u00fcrttembergischen Leichtathletik-Verband &nbsp;<\/p>\n","protected":false},"author":1,"featured_media":0,"parent":502,"menu_order":5,"comment_status":"open","ping_status":"open","template":"","meta":{"footnotes":""},"class_list":["post-503","page","type-page","status-publish","hentry"],"_links":{"self":[{"href":"https:\/\/www.sclbadenbaden.de\/index.php?rest_route=\/wp\/v2\/pages\/503","targetHints":{"allow":["GET"]}}],"collection":[{"href":"https:\/\/www.sclbadenbaden.de\/index.php?rest_route=\/wp\/v2\/pages"}],"about":[{"href":"https:\/\/www.sclbadenbaden.de\/index.php?rest_route=\/wp\/v2\/types\/page"}],"author":[{"embeddable":true,"href":"https:\/\/www.sclbadenbaden.de\/index.php?rest_route=\/wp\/v2\/users\/1"}],"replies":[{"embeddable":true,"href":"https:\/\/www.sclbadenbaden.de\/index.php?rest_route=%2Fwp%2Fv2%2Fcomments&post=503"}],"version-history":[{"count":11,"href":"https:\/\/www.sclbadenbaden.de\/index.php?rest_route=\/wp\/v2\/pages\/503\/revisions"}],"predecessor-version":[{"id":17241,"href":"https:\/\/www.sclbadenbaden.de\/index.php?rest_route=\/wp\/v2\/pages\/503\/revisions\/17241"}],"up":[{"embeddable":true,"href":"https:\/\/www.sclbadenbaden.de\/index.php?rest_route=\/wp\/v2\/pages\/502"}],"wp:attachment":[{"href":"https:\/\/www.sclbadenbaden.de\/index.php?rest_route=%2Fwp%2Fv2%2Fmedia&parent=503"}],"curies":[{"name":"wp","href":"https:\/\/api.w.org\/{rel}","templated":true}]}}