{"id":497,"date":"2008-01-12T21:38:44","date_gmt":"2008-01-12T20:38:44","guid":{"rendered":"http:\/\/www.sclbadenbaden.de\/?page_id=497"},"modified":"2025-04-01T18:26:16","modified_gmt":"2025-04-01T17:26:16","slug":"informationen-uber-den-scl-formulare","status":"publish","type":"page","link":"https:\/\/www.sclbadenbaden.de\/?page_id=497","title":{"rendered":"Anmeldung \/ Satzung \/ Datenschutz"},"content":{"rendered":"\n<p><strong>Herzlich Willkommen beim SCL <span style=\"color: #000000;\">Heel<\/span> Baden-Baden<\/strong><\/p>\n\n\n\n<p>Wir freuen uns, wenn Sie unser Sportangebot gut finden und unserem Club beitreten. Den Aufnahmeantrag zum Ausdrucken&nbsp;finden Sie hier:<\/p>\n\n\n\n<div data-wp-interactive=\"core\/file\" class=\"wp-block-file\"><object data-wp-bind--hidden=\"!state.hasPdfPreview\" hidden class=\"wp-block-file__embed\" data=\"https:\/\/sclbadenbaden.de\/wp-content\/uploads\/2025\/04\/Aufnahmeantrag-2025.pdf\" type=\"application\/pdf\" style=\"width:100%;height:600px\" aria-label=\"Einbettung von Aufnahmeantrag-2025.\"><\/object><a id=\"wp-block-file--media-e785fa3b-b9b2-4295-8f2b-e01a662a9ed3\" href=\"https:\/\/sclbadenbaden.de\/wp-content\/uploads\/2025\/04\/Aufnahmeantrag-2025.pdf\">Aufnahmeantrag-2025<\/a><a href=\"https:\/\/sclbadenbaden.de\/wp-content\/uploads\/2025\/04\/Aufnahmeantrag-2025.pdf\" class=\"wp-block-file__button wp-element-button\" download aria-describedby=\"wp-block-file--media-e785fa3b-b9b2-4295-8f2b-e01a662a9ed3\">Herunterladen<\/a><\/div>\n\n\n\n<p>Wenn Ihnen unser Trainings- und Sportangebot zusagt,<\/p>\n\n\n\n<p>dann empfehlen Sie uns bitte weiter.<\/p>\n\n\n\n<p><strong><span style=\"color: #ff0000;\"><span style=\"text-decoration: underline;\">Satzung vom 15. September 2021:<\/span><\/span><\/strong><\/p>\n\n\n\n<p><strong>Vereinssatzung &nbsp;des SPORTCLUB 05 LEICHTATHLETIK&nbsp; BADEN-BADEN e.V.<\/strong><\/p>\n\n\n\n<p><strong>Allgemeines<\/strong><\/p>\n\n\n\n<ul class=\"wp-block-list\">\n<li><strong>1 Name, Sitz, Gesch\u00e4ftsjahr<\/strong><\/li>\n<\/ul>\n\n\n\n<p>(1) &nbsp;&nbsp; &nbsp;Der Verein f\u00fchrt den Namen \u201eSPORTCLUB 05 LEICHTATHLETIK &nbsp;BADEN-BADEN e.V.\u201c\u2013 &nbsp;&nbsp;&nbsp;&nbsp; kurz \u201eSCL Baden-Baden e.V.\u201c.<\/p>\n\n\n\n<p>(2) &nbsp;&nbsp; Der Verein hat seinen Sitz in Baden-Baden.<\/p>\n\n\n\n<p>(3)&nbsp; &nbsp; Gesch\u00e4ftsjahr ist das Kalenderjahr.<\/p>\n\n\n\n<ul class=\"wp-block-list\">\n<li><strong>2 Zweck und Ziele des Vereins<\/strong><\/li>\n<\/ul>\n\n\n\n<p>(1)&nbsp;&nbsp;&nbsp; Zweck des Vereins ist die allgemeine F\u00f6rderung des Sports, der sportlichen F\u00e4higkeiten seiner Mitglieder insbesondere in der Leichtathletik. Der Verein f\u00f6rdert den Leistungssport sowie &nbsp;auch den &nbsp;Freizeit- und Breitensport.<\/p>\n\n\n\n<p>&nbsp;(2) &nbsp;&nbsp; Der Satzungszweck wird verwirklicht insbesondere durch Ausbildung seiner Mitglieder, durch regelm\u00e4\u00dfiges Training und durch den aktiven Besuch von Wettk\u00e4mpfen und Meisterschaften.<\/p>\n\n\n\n<p>(3) &nbsp;&nbsp; Der Sportgedanke ist auch durch geeignete gesellschaftliche Ma\u00dfnahmen aktiv zu f\u00f6rdern.<\/p>\n\n\n\n<p>(4) Zur Erf\u00fcllung der sportlichen und organisatorischen Aufgaben k\u00f6nnen hauptberufliche, nebenberufliche oder freie Mitarbeiter besch\u00e4ftigt werden. Der Verein bezahlt eine angemessene Verg\u00fctung.<\/p>\n\n\n\n<ul class=\"wp-block-list\">\n<li><strong>3 Gemeinn\u00fctzigkeit<\/strong><\/li>\n<\/ul>\n\n\n\n<p>(1) &nbsp;&nbsp; Der Verein verfolgt ausschlie\u00dflich und unmittelbar gemeinn\u00fctzige Zwecke im Sinne des Abschnitts&nbsp; Steuerbeg\u00fcnstigte Zwecke &nbsp;der Abgabenordnung.<\/p>\n\n\n\n<p>(2) &nbsp;&nbsp;Der Verein ist selbstlos t\u00e4tig; er verfolgt nicht in erster Linie eigenwirtschaftliche Zwecke.<\/p>\n\n\n\n<p>(3)&nbsp;&nbsp;&nbsp; Mittel des Vereins d\u00fcrfen nur f\u00fcr die satzungsm\u00e4\u00dfigen Zwecke verwendet werden. Mitglieder erhalten keine Zuwendungen aus Mitteln des Vereins.<\/p>\n\n\n\n<p>(4) &nbsp;&nbsp; Keine Person darf durch Ausgaben, die dem Zweck des Vereines fremd sind,&nbsp; oder durch unverh\u00e4ltnism\u00e4\u00dfig hohe Verg\u00fctungen beg\u00fcnstigt werden.<\/p>\n\n\n\n<p>(5) &nbsp;&nbsp;Die Bewirtschaftung der verf\u00fcgbaren Mittel hat nach dem Prinzip Wirtschaftlichkeit und Kostendeckung zu erfolgen.<\/p>\n\n\n\n<p>(6) &nbsp;&nbsp; Ausscheidende Mitglieder haben gegen den Verein keinen Anspruch am Vereinsverm\u00f6gen.<\/p>\n\n\n\n<ul class=\"wp-block-list\">\n<li><strong>4 Verbandszugeh\u00f6rigkeit und Partnerschaft<\/strong><\/li>\n<\/ul>\n\n\n\n<p>Der Vorstand ist berechtigt, Mitgliedschaften und Partnerschaften mit Organisationen einzugehen, die geeignet sind, den Vereinszweck zu f\u00f6rdern.<\/p>\n\n\n\n<p><strong>Mitgliedschaft<\/strong><\/p>\n\n\n\n<ul class=\"wp-block-list\">\n<li><strong>5 Erwerb der Mitgliedschaft<\/strong><\/li>\n<\/ul>\n\n\n\n<p>(1) &nbsp;&nbsp; Mitglied des Vereins kann jede nat\u00fcrliche oder juristische Person werden. Der Aufnahmeantrag ist schriftlich an den Vorstand zu richten.<\/p>\n\n\n\n<p>(2)&nbsp;&nbsp;&nbsp; Ein Aufnahmeanspruch besteht nicht. \u00dcber die Aufnahme entscheidet der Vorstand durch Beschluss. Die Ablehnung ist dem Antragsteller mitzuteilen; sie bedarf keiner Begr\u00fcndung.<\/p>\n\n\n\n<p>(3) &nbsp;&nbsp; Die Mitgliedschaft beginnt mit dem Aufnahmebeschluss.<\/p>\n\n\n\n<ul class=\"wp-block-list\">\n<li><strong>6 Rechte und Pflichten der Mitglieder<\/strong><\/li>\n<\/ul>\n\n\n\n<p>(1)&nbsp;&nbsp;&nbsp; Mit dem Aufnahmeantrag erkennt der Bewerber die Satzung des SCL Baden-Baden an.<\/p>\n\n\n\n<p>(2) &nbsp;&nbsp; Die Mitglieder sind verpflichtet, die Ziele und Interessen des Vereins zu unterst\u00fctzen sowie die Beschl\u00fcsse und Anordnungen der Vereinsorgane zu befolgen.<\/p>\n\n\n\n<p>(3) &nbsp;&nbsp; Die Mitglieder sind berechtigt, sich an den Veranstaltungen des Vereins zu beteiligen und die Einrichtungen des Vereins \u2013 pfleglicher Umgang vorausgesetzt \u2013 zu benutzen.<\/p>\n\n\n\n<p>(4) &nbsp;&nbsp; Alle Mitglieder sind insbesondere berechtigt, an der Mitgliederversammlung teilzunehmen.<\/p>\n\n\n\n<ul class=\"wp-block-list\">\n<li><strong>7 Beendigung der Mitgliedschaft<\/strong><\/li>\n<\/ul>\n\n\n\n<p>(1) &nbsp;&nbsp; Die Mitgliedschaft endet durch Tod, durch Austrittserkl\u00e4rung, durch Streichung der Mitgliedschaft oder &nbsp;durch Ausschluss.<\/p>\n\n\n\n<p>(2)&nbsp;&nbsp;&nbsp; Der Austritt ist gegen\u00fcber dem Vorstand schriftlich zu erkl\u00e4ren. Der Austritt ist unter Einhaltung einer K\u00fcndigungsfrist von drei Monaten zu jedem Kalenderjahresende zul\u00e4ssig. Zur Einhaltung der Frist ist der rechtzeitige Zugang der Austrittserkl\u00e4rung an ein Vorstandsmitglied erforderlich.<\/p>\n\n\n\n<p>(3) &nbsp;&nbsp; Die Streichung der Mitgliedschaft kann durch den Vorstand erfolgen, wenn das Mitglied mit zwei Jahresbeitr\u00e4gen in R\u00fcckstand ist.<\/p>\n\n\n\n<p>(4) &nbsp;&nbsp;&nbsp;Der Ausschluss aus dem Verein kann erfolgen, wenn ein Mitglied des Vereins in grober Weise gegen die &nbsp;Interessen des Vereins verst\u00f6\u00dft.&nbsp; \u00dcber den Ausschluss entscheidet der &nbsp;Vorstand mit einfacher Mehrheit. Der Vorstand hat den beabsichtigten Ausschluss dem auszuschlie\u00dfenden Mitglied mindestens zwei Wochen vor dem Entscheidungstermin mitzuteilen. Das auszuschlie\u00dfende Mitglied hat innerhalb dieser Frist das Recht zu einer Stellungnahme. &nbsp;Der Ausschluss wird mit der Beschlussfassung wirksam. Der Ausschluss &nbsp;soll dem Mitglied durch den Vorstand unverz\u00fcglich bekannt gemacht werden.<\/p>\n\n\n\n<ul class=\"wp-block-list\">\n<li><strong>8 Mitgliedsbeitr\u00e4ge<\/strong><\/li>\n<\/ul>\n\n\n\n<p>(1) &nbsp;&nbsp; Es ist ein j\u00e4hrlicher Beitrag zu entrichten.<\/p>\n\n\n\n<p>(2) &nbsp;&nbsp; Seine H\u00f6he bestimmt die Mitgliederversammlung.<\/p>\n\n\n\n<p>(3) &nbsp;&nbsp; Der Vorstand kann Beitr\u00e4ge stunden oder teilweise oder ganz erlassen.<\/p>\n\n\n\n<p>(4) &nbsp;&nbsp; \u00dcber eine Aufnahmegeb\u00fchr hat der Vorstand zu entscheiden.<\/p>\n\n\n\n<p>(5)&nbsp; Ehrenmitglieder sind beitragsfrei.<\/p>\n\n\n\n<p><strong>Organisation<\/strong><\/p>\n\n\n\n<ul class=\"wp-block-list\">\n<li><strong>9 Organe des Vereins<\/strong><\/li>\n<\/ul>\n\n\n\n<p>Organe des Vereins sind die Mitgliederversammlung und der Vorstand.<\/p>\n\n\n\n<ul class=\"wp-block-list\">\n<li><strong>10 Mitgliederversammlung, ordentliche und au\u00dferordentliche&nbsp;&nbsp;<\/strong><\/li>\n<\/ul>\n\n\n\n<p>(1) &nbsp;&nbsp;Die ordentliche Mitgliederversammlung &nbsp;findet j\u00e4hrlich m\u00f6glichst&nbsp; in den ersten sechs &nbsp;Monaten des Kalenderjahres statt.<\/p>\n\n\n\n<p>(2) &nbsp;&nbsp; Die Einladung erfolgt unter Einhaltung einer Frist von drei Wochen schriftlich und durch einen Aushang beim Stadion<em>.<\/em>&nbsp;Die Tagesordnung ist beizuf\u00fcgen.<\/p>\n\n\n\n<p>(3) &nbsp;&nbsp; Jedes Mitglied kann &nbsp;ganzj\u00e4hrig schriftlich Antr\u00e4ge zur Mitgliederversammlung beim Vorstand einreichen. &nbsp;Dazu braucht es die schriftliche Zustimmung von neun &nbsp;vollj\u00e4hrigen Mitgliedern. &nbsp;Allerdings m\u00fcssen Antr\u00e4ge auf&nbsp; Satzungs\u00e4nderung&nbsp; dem Vorstand vor Einberufung der Mitgliederversammlung vorliegen, damit die Mitglieder in der Einladung darauf hingewiesen werden k\u00f6nnen.&nbsp; Andere Antr\u00e4ge k\u00f6nnen auch noch in der ersten Woche nach der Einladung gestellt werden.&nbsp;&nbsp; Die letzten 2 Wochen der Frist dienen der Meinungsbildung der&nbsp; Mitglieder.<\/p>\n\n\n\n<p>(4) &nbsp;&nbsp; Die au\u00dferordentliche Mitgliederversammlung ist &nbsp;vom Vorstand einzuberufen, wenn sie im Interesse des Vereins erforderlich ist oder wenn mindestens 20 % der vollj\u00e4hrigen Mitglieder diese schriftlich verlangen.<\/p>\n\n\n\n<ul class=\"wp-block-list\">\n<li><strong>11 Allgemeine Verfahrensweisen in der Mitgliederversammlung<\/strong><\/li>\n<\/ul>\n\n\n\n<p>(1)&nbsp;&nbsp; Jede&nbsp; ordnungsgem\u00e4\u00df einberufene Mitgliederversammlung ist unabh\u00e4ngig von der Anzahl der anwesenden Mitglieder beschlussf\u00e4hig.&nbsp; Sie wird von einem Vorstandsmitglied geleitet.<\/p>\n\n\n\n<p>(2) &nbsp;&nbsp; Nur anwesende vollj\u00e4hrige Mitglieder sind abstimmungsberechtigt. &nbsp;Eine Stimmen\u00fcbertragung ist nicht zul\u00e4ssig.<\/p>\n\n\n\n<p>(3) &nbsp;&nbsp; Es wird durch Handzeichen abgestimmt, auch \u00fcber den&nbsp; Antrag auf geheime schriftliche Abstimmung.<\/p>\n\n\n\n<p>(4) &nbsp;&nbsp; Ein Beschluss kommt durch einfache Mehrheit zustande. Bei Stimmengleichheit gilt das Anliegen als abgelehnt.<\/p>\n\n\n\n<p>(5)&nbsp;&nbsp;&nbsp; \u00dcber die Beschl\u00fcsse der Versammlung ist eine Niederschrift aufzunehmen. Diese ist vom Vorsitzenden der Versammlung und dem Protokollf\u00fchrer zu unterschreiben. Die Niederschriften werden vom Vorstand aufbewahrt.<\/p>\n\n\n\n<ul class=\"wp-block-list\">\n<li><strong>12 Zust\u00e4ndigkeiten der Mitgliederversammlung<\/strong><\/li>\n<\/ul>\n\n\n\n<p>Die Mitgliederversammlung ist ausschlie\u00dflich f\u00fcr folgende Vereinsangelegenheiten zust\u00e4ndig:<\/p>\n\n\n\n<p>(1) &nbsp;&nbsp; Entgegennahme des Jahresberichtes des Vorstandes,<\/p>\n\n\n\n<p>(2)&nbsp;&nbsp;&nbsp; Entgegennahme des Berichtes der zwei Kassenpr\u00fcfer,<\/p>\n\n\n\n<p>(3) &nbsp;&nbsp; Entlastung des Vorstands,<\/p>\n\n\n\n<p>(4) &nbsp;&nbsp; Wahl der Vorstandsmitglieder,<\/p>\n\n\n\n<p>(5) &nbsp;&nbsp; Wahl zweier &nbsp;Kassenpr\u00fcfer,<\/p>\n\n\n\n<p>(6) &nbsp;&nbsp; Beratung und Abstimmung \u00fcber Antr\u00e4ge,<\/p>\n\n\n\n<p>(7) &nbsp;&nbsp; Festsetzung der Mitgliedsbeitr\u00e4ge,<\/p>\n\n\n\n<p>(8) &nbsp;&nbsp; Satzungs\u00e4nderungen:&nbsp; &nbsp;Sie erfordern eine Zwei-Drittel-Mehrheit.<\/p>\n\n\n\n<p>(9) &nbsp;&nbsp; Aufl\u00f6sung des Vereins:&nbsp; &nbsp;Sie erfordert eine Zwei-Drittel-Mehrheit. Die Liquidation erfolgt durch den Vorstand. Bei&nbsp;Aufl\u00f6sung oder Aufhebung des Vereins oder bei Wegfall steuerbeg\u00fcnstigter Zwecke f\u00e4llt das Vereinsverm\u00f6gen an \u201eBadischer Leichtathletik-Verband e.V.\u201c, der es unmittelbar und ausschlie\u00dflich f\u00fcr gemeinn\u00fctzige und sportliche Zwecke zu verwenden hat.<\/p>\n\n\n\n<ul class=\"wp-block-list\">\n<li><strong>13 Vorstand<\/strong><\/li>\n<\/ul>\n\n\n\n<p>(1) Der Vorstand des Vereins besteht aus dem ersten &nbsp;Vorsitzenden,&nbsp; dem zweiten Vorsitzenden als dessen Vertreter, dem dritten Vorsitzenden und dem vierten Vorsitzenden. Der Vorstand entscheidet \u00fcber die Vergabe folgender Aufgaben: Kassenwart und Schriftf\u00fchrer.<\/p>\n\n\n\n<p>&nbsp;(2) &nbsp; Der Verein wird gerichtlich und au\u00dfergerichtlich durch den 1. Vorsitzenden und den 2. Vorsitzenden vertreten. Sie sind jeweils einzelverf\u00fcgungsberechtigt.<\/p>\n\n\n\n<p>(3) &nbsp;&nbsp; Der Vorstand wird von der Mitgliederversammlung gew\u00e4hlt.&nbsp; In der Regel erfolgt die Wahl zeitversetzt, die des ersten und dritten Vorstandsmitgliedes&nbsp; in ungeraden Jahren, die des&nbsp; zweiten und vierten&nbsp; in geraden.&nbsp; Die Amtsdauer betr\u00e4gt zwei&nbsp; Jahre. Eine Wiederwahl&nbsp; ist m\u00f6glich.<\/p>\n\n\n\n<p>(4) &nbsp;&nbsp; Scheidet ein Mitglied des Vorstandes vor Ablauf seiner Amtsdauer aus, setzt&nbsp; der Vorstand einen Ersatz&nbsp; f\u00fcr den Rest der Amtszeit des ausgeschiedenen Mitglieds ein.<\/p>\n\n\n\n<p>(5) &nbsp;&nbsp; Der Vorstand trifft seine Entscheidungen mit einfacher Mehrheit. Bei Stimmengleichheit entscheidet die Stimme des 1. Vorsitzenden.<\/p>\n\n\n\n<p>(6) &nbsp;&nbsp; Die Vertretungsmacht des Vorstands ist mit Wirkung gegen Dritte in der Weise beschr\u00e4nkt, dass die Zustimmung der Mitgliederversammlung erforderlich ist zum Erwerb oder Verkauf, zur Belastung und zu allen sonstigen Verf\u00fcgungen \u00fcber Grundst\u00fccke oder&nbsp; grundst\u00fccksgleiche Rechte sowie zur Aufnahme&nbsp; von Krediten in der Summe von mehr als \u20ac 5000 (in Worten: f\u00fcnftausend).<\/p>\n\n\n\n<p>(7)&nbsp;&nbsp;&nbsp; Die Vorstandsmitglieder k\u00f6nnen f\u00fcr ihre T\u00e4tigkeit eine Verg\u00fctung bis zur H\u00f6he der jeweils g\u00fcltigen Ehrenamtspauschale erhalten. Davon unber\u00fchrt k\u00f6nnen auch Auslagen und Aufwendungen erstattet werden. Die Zahlung einer pauschalen Aufwandsentsch\u00e4digung oder pauschalen Auslagenerstattung ist zul\u00e4ssig.<\/p>\n\n\n\n<p>(8) Sollten \u00c4nderungen der Satzung aufgrund von Beanstandungen des Registergerichts Mannheim bzw. Finanzamtes Mannheim notwendig sein, wird der Vorstand erm\u00e4chtigt in einer eigens daf\u00fcr einberufenen Vorstandssitzung die notwendige \u00c4nderung der Satzung zu beschlie\u00dfen, damit die Eintragung der Neufassung ins Vereinsregister erfolgen kann.<\/p>\n\n\n\n<p><strong>Der folgende Paragraph 14 ist ein Vorstandsbeschluss <\/strong><\/p>\n\n\n\n<p><strong>\u00a7 14 als Vorstandsbeschluss:<\/strong><\/p>\n\n\n\n<p><strong>Datenschutz \/ Pers\u00f6nlichkeitsrechte<\/strong><\/p>\n\n\n\n<p>(1)&nbsp;&nbsp;&nbsp; Der Verein erhebt, verarbeitet und nutzt personenbezogene Daten seiner Mitglieder (Einzelangaben \u00fcber pers\u00f6nliche und sachliche Verh\u00e4ltnisse) unter Einsatz von Datenverarbeitungsanlagen (EDV) zur Erf\u00fcllung der gem\u00e4\u00df dieser Satzung zul\u00e4ssigen Zwecke und Aufgaben, beispielsweise im Rahmen der Mitgliederverwaltung.<\/p>\n\n\n\n<p>Hierbei handelt es sich insbesondere um folgende Mitgliederdaten:<\/p>\n\n\n\n<p>&#8211; Name und Anschrift,<\/p>\n\n\n\n<p>&#8211; Bankverbindung (falls Lastschrifteinzug in Satzung vorgesehen),<\/p>\n\n\n\n<p>&#8211; Telefonnummern (Festnetz und Funk) sowie<\/p>\n\n\n\n<p>&#8211; E-Mail-Adresse,<\/p>\n\n\n\n<p>&#8211; Geburtsdatum,<\/p>\n\n\n\n<p>&#8211; Lizenz(en),<\/p>\n\n\n\n<p>&#8211; Funktion(en) im Verein.<\/p>\n\n\n\n<p>(2)&nbsp;&nbsp;&nbsp; Als Mitglied des Badischen Leichtathletik Verbands (kurz: BLV) ist der Verein verpflichtet, bestimmte personenbezogene Daten dorthin zu melden.<\/p>\n\n\n\n<p>\u00dcbermittelt werden an den BLV die Namen und das Alter der Mitglieder, der Trainer, der Vorstandsmitglieder mit Funktion, Anschrift, Telefonnummern, Faxnummern und E-Mail-Adressen.<\/p>\n\n\n\n<p>(3)&nbsp;&nbsp;&nbsp; Der Verein hat Versicherungen abgeschlossen oder schlie\u00dft solche ab, aus denen er und \/ oder seine Mitglieder Leistungen beziehen k\u00f6nnen. Soweit dies zur Begr\u00fcndung, Durchf\u00fchrung oder Beendigung dieser Vertr\u00e4ge erforderlich ist, \u00fcbermittelt der Verein personenbezogene Daten seiner Mitglieder (Name, Adresse, Geburtsdatum oder Alter, Funktion(en) im Verein, etc.) an das zust\u00e4ndige Versicherungsunternehmen. Der Verein stellt hierbei vertraglich sicher, dass der (die) Empf\u00e4nger(in) die Daten ausschlie\u00dflich dem \u00dcbermittlungszweck gem\u00e4\u00df verwendet.<\/p>\n\n\n\n<p>(4)&nbsp;&nbsp;&nbsp; Im Zusammenhang mit seinem Sportbetrieb sowie sonstigen satzungsgem\u00e4\u00dfen Veranstaltungen ver\u00f6ffentlicht der Verein personenbezogene Daten und Fotos seiner Mitglieder in seiner Vereinszeitung, &nbsp;auf seiner Homepage und in sozialen Netzwerken wie facebook, Instagram, Twitter usw. und \u00fcbermittelt Daten und Fotos zur Ver\u00f6ffentlichung an Print- und Telemedien sowie elektronische Medien. Dies betrifft insbesondere Start- und Teilnehmerlisten, Mannschaftsaufstellungen, Ergebnisse, Wahlergebnisse sowie bei sportlichen oder sonstigen Veranstaltungen anwesende Vorstandsmitglieder und sonstige Funktion\u00e4re. Die Ver\u00f6ffentlichung \/ \u00dcbermittlung von Daten beschr\u00e4nkt sich hierbei auf Name, Vereins- und Abteilungszugeh\u00f6rigkeit, Funktion im Verein und \u2013 soweit aus sportlichen Gr\u00fcnden (z. B. Einteilung in Wettkampfklassen) erforderlich \u2013 Alter oder Geburtsjahrgang.<\/p>\n\n\n\n<p><strong>Ein Mitglied kann jederzeit gegen\u00fcber dem Vorstand der Ver\u00f6ffentlichung von Einzelfotos seiner Person widersprechen. Ab Zugang des Widerspruchs unterbleibt die Ver\u00f6ffentlichung \/ \u00dcbermittlung und der Verein entfernt vorhandene Fotos von seiner Homepage.<\/strong><\/p>\n\n\n\n<p>(5)&nbsp;&nbsp;&nbsp; In seiner Vereinszeitung sowie auf seiner Homepage berichtet der Verein auch \u00fcber Ehrungen und Geburtstage seiner Mitglieder. Hierbei werden Fotos von Mitgliedern und folgende personenbezogene Mitgliederdaten ver\u00f6ffentlicht: Name, Vereins- sowie Abteilungszugeh\u00f6rigkeit und deren Dauer, Funktion im Verein und \u2013 soweit erforderlich \u2013 Alter, Geburtsjahrgang oder Geburtstag. Berichte \u00fcber Ehrungen nebst Fotos darf der Verein \u2013 unter Meldung von Name, Funktion im Verein, Vereins- sowie Abteilungszugeh\u00f6rigkeit und deren Dauer \u2013 auch an andere Print- und Telemedien sowie elektronische Medien \u00fcbermitteln.<\/p>\n\n\n\n<p><strong>Im Hinblick auf Ehrungen und Geburtstage kann das betroffene Mitglied jederzeit gegen\u00fcber dem Vorstand der Ver\u00f6ffentlichung \/ \u00dcbermittlung von Einzelfotos sowie seiner personenbezogenen Daten allgemein oder f\u00fcr einzelne Ereignisse widersprechen.<\/strong><\/p>\n\n\n\n<p>Der Verein informiert das Mitglied rechtzeitig \u00fcber eine beabsichtigte Ver\u00f6ffentlichung \/ \u00dcbermittlung in diesem Bereich und teilt hierbei auch mit, bis zu welchem Zeitpunkt ein Widerspruch erfolgen kann. Wird der Widerspruch fristgem\u00e4\u00df ausge\u00fcbt, unterbleibt die Ver\u00f6ffentlichung \/ \u00dcbermittlung. Anderenfalls entfernt der Verein Daten und Einzelfotos des widersprechenden Mitglieds von seiner Homepage und verzichtet auf k\u00fcnftige Ver\u00f6ffentlichungen \/ \u00dcbermittlungen.<\/p>\n\n\n\n<p>(6)&nbsp;&nbsp;&nbsp; Mitgliederlisten werden als Datei oder in gedruckter Form soweit an Vorstandsmitglieder, sonstige Funktion\u00e4re und Mitglieder herausgegeben, wie deren Funktion oder besondere Aufgabenstellung im Verein die Kenntnisnahme erfordern. Macht ein Mitglied glaubhaft, dass es die Mitgliederliste zur Wahrnehmung seiner satzungsgem\u00e4\u00dfen Rechte ben\u00f6tigt, wird ihm eine gedruckte Kopie der Liste gegen die schriftliche Versicherung ausgeh\u00e4ndigt, dass Namen, Adressen und sonstige Daten nicht zu anderen Zwecken Verwendung finden.<\/p>\n\n\n\n<p>(7)&nbsp;&nbsp;&nbsp; Durch ihre Mitgliedschaft und die damit verbundene Anerkennung dieser Satzung stimmen die Mitglieder der Erhebung, Verarbeitung (Speicherung, Ver\u00e4nderung, \u00dcbermittlung) und Nutzung ihrer personenbezogenen Daten in dem vorgenannten Ausma\u00df und Umfang zu. Eine anderweitige, \u00fcber die Erf\u00fcllung seiner satzungsgem\u00e4\u00dfen Aufgaben und Zwecke hinausgehende, Datenverwendung ist dem Verein nur erlaubt, sofern er aus gesetzlichen Gr\u00fcnden hierzu verpflichtet ist. Ein Datenverkauf ist nicht statthaft.<\/p>\n\n\n\n<p>(8)&nbsp;&nbsp;&nbsp; Jedes Mitglied hat im Rahmen der gesetzlichen Vorschriften des Bundesdatenschutzgesetzes (insbesondere \u00a7\u00a7 34, 35) das Recht auf Auskunft \u00fcber die zu seiner Person gespeicherten Daten, deren Empf\u00e4nger und den Zweck der Speicherung sowie auf Berichtigung, L\u00f6schung oder Sperrung seiner Daten.<\/p>\n\n\n\n<p><strong>Inkrafttreten<\/strong><\/p>\n\n\n\n<p>Die vorstehende Satzung (\u00a7\u00a7 1 &#8211; 13) ist mit Eintrag ins Vereinsregister am Amtsgericht Mannheim VR 200713 in Kraft getreten. Eintragungsnachricht vom 14.10.2021<\/p>\n\n\n\n<p>Satzung nach Neufassung durch die Generalversammlung am 15.09.2021<\/p>\n\n\n\n<p>\u00a7 14 ist mit Vorstandsbeschluss in Kraft getreten<\/p>\n","protected":false},"excerpt":{"rendered":"<p>Herzlich Willkommen beim SCL Heel Baden-Baden Wir freuen uns, wenn Sie unser Sportangebot gut finden und unserem Club beitreten. Den Aufnahmeantrag zum Ausdrucken&nbsp;finden Sie hier: Wenn Ihnen unser Trainings- und Sportangebot zusagt, dann empfehlen Sie uns bitte weiter. Satzung vom 15. September 2021: Vereinssatzung &nbsp;des SPORTCLUB 05 LEICHTATHLETIK&nbsp; BADEN-BADEN e.V. Allgemeines (1) &nbsp;&nbsp; &nbsp;Der Verein [&hellip;]<\/p>\n","protected":false},"author":20,"featured_media":0,"parent":0,"menu_order":12,"comment_status":"open","ping_status":"open","template":"","meta":{"footnotes":""},"class_list":["post-497","page","type-page","status-publish","hentry"],"_links":{"self":[{"href":"https:\/\/www.sclbadenbaden.de\/index.php?rest_route=\/wp\/v2\/pages\/497","targetHints":{"allow":["GET"]}}],"collection":[{"href":"https:\/\/www.sclbadenbaden.de\/index.php?rest_route=\/wp\/v2\/pages"}],"about":[{"href":"https:\/\/www.sclbadenbaden.de\/index.php?rest_route=\/wp\/v2\/types\/page"}],"author":[{"embeddable":true,"href":"https:\/\/www.sclbadenbaden.de\/index.php?rest_route=\/wp\/v2\/users\/20"}],"replies":[{"embeddable":true,"href":"https:\/\/www.sclbadenbaden.de\/index.php?rest_route=%2Fwp%2Fv2%2Fcomments&post=497"}],"version-history":[{"count":37,"href":"https:\/\/www.sclbadenbaden.de\/index.php?rest_route=\/wp\/v2\/pages\/497\/revisions"}],"predecessor-version":[{"id":21611,"href":"https:\/\/www.sclbadenbaden.de\/index.php?rest_route=\/wp\/v2\/pages\/497\/revisions\/21611"}],"wp:attachment":[{"href":"https:\/\/www.sclbadenbaden.de\/index.php?rest_route=%2Fwp%2Fv2%2Fmedia&parent=497"}],"curies":[{"name":"wp","href":"https:\/\/api.w.org\/{rel}","templated":true}]}}