{"id":49,"date":"2007-03-14T22:53:03","date_gmt":"2007-03-14T21:53:03","guid":{"rendered":"http:\/\/www.sclbadenbaden.de\/?page_id=49"},"modified":"2014-12-29T15:56:38","modified_gmt":"2014-12-29T14:56:38","slug":"aktuelle-rangliste","status":"publish","type":"page","link":"https:\/\/www.sclbadenbaden.de\/?page_id=49","title":{"rendered":"SCL Tops 2009"},"content":{"rendered":"<p>Punkte \/ Name \/ Erfolge<\/p>\n<p style=\"text-align: center;\"><strong>M\u00e4nner <\/strong><\/p>\n<p>150 <strong>Adam Domicz<\/strong> &gt; 2. DSM Halle 60 m H\u00fcrden, 5. DSM Halle Hochsprung, <strong>BWM M40 Halle 60 m H\u00fcrden, 60 m<\/strong>, <strong>BWM M40 110 m H\u00fcrden<\/strong>, 2. BWM M40 Hoch, Weit, 4. BWM M 40 Hoch, KM Hoch, KM M40 110 m H\u00fcrden<\/p>\n<p>42,5 <strong>Kristian Rett<\/strong> &gt; 3. DM Sen Stabhoch, KM M50 Hoch, Kugel, Diskus<\/p>\n<p><strong>Klaus Lipps<\/strong> &gt; KM M55 Speer, Kugel, Hammer, Diskus<\/p>\n<p style=\"text-align: center;\"><strong>Frauen<\/strong><\/p>\n<p style=\"text-align: left;\"><strong>Christina Lipps<\/strong> &gt; <strong>BWM W60 Weitsprung<\/strong>, 4. DM Sen 100, Weit, 2. BWM W60 100 m, 3. BWM W60 Kugel, Diskus, KM W60 100m, Weit, Kugel, Hammer<\/p>\n<p style=\"text-align: left;\">42,5<strong> Julia Bossert<\/strong> &gt; <strong>BM 5000 m Gehen<\/strong>, 2. BM 5 km Gehen, KM 5000 m, KM W30 200 m,<\/p>\n<p style=\"text-align: left;\">42,5 <strong>Helga Rett<\/strong> &gt; 3. DM Sen 800, KM W55 100 m, 200 m, 800m<\/p>\n<p style=\"text-align: left;\">5 <strong>Adriana Emmanouilidou<\/strong> &gt; KM 100<\/p>\n<p style=\"text-align: left;\">5 <strong>Ricarda Feurer<\/strong> &gt; KM 1500<\/p>\n<p style=\"text-align: left;\">Mannschaft<\/p>\n<p style=\"text-align: left;\"><strong>Stg. Baden-Baden<\/strong> &gt; 4. DM Sen 4 x 100 Meter (Gabi M\u00fcller, Elisabeth Henn, Kristina Lipps, Helga Rett)<\/p>\n<p style=\"text-align: left;\"><strong>Stg. Baden-Baden<\/strong> &gt; BM Sen DAMM (Kristina Lipps, Helga Rett, Ulrike Meixner-Nitze)<\/p>\n<p style=\"text-align: center;\"><strong>M\u00e4nnliche Jugend<\/strong><\/p>\n<p style=\"text-align: left;\">545 <strong>Carl Dohmann<\/strong> &gt; <strong>4. EM 10.000 m Gehen,<\/strong> <strong>DM 10.000 m Gehen<\/strong>, <strong>DM Jun 10.000 m Gehen<\/strong>, <strong>DM 10 km Gehen<\/strong>, <strong>BR 10.000 Meter Gehen<\/strong>, 2 x KR 10 km Gehen, 3 x KR 10.000 m Gehen<\/p>\n<p style=\"text-align: left;\">105 <strong>Markus Koch<\/strong> &gt; 5. DM Speer, 4. SM Speer, <strong>BM Speer<\/strong><\/p>\n<p style=\"text-align: left;\">45 <strong>Simon Rett<\/strong> &gt; 2. BM 400 m, 4. BWM 400 m, KM 100 m, 200 m, 400 m<\/p>\n<p style=\"text-align: center;\"><strong>Weibliche Jugend<\/strong><\/p>\n<p style=\"text-align: center;\"><strong>Sch\u00fcler<\/strong><\/p>\n<p>65 <strong>Sascha Graf<\/strong> &gt; <strong>BM Winter Speer, BM Speer<\/strong>, 4. BWM Speer, KM Speer, Diskus<\/p>\n<p>35 <strong>Jakob Fischer<\/strong> &gt; 4. SM Hochsprung<\/p>\n<p>30 <strong>Philipp Frank<\/strong> &gt; 7. SM 300 Meter, KM 100, 300<\/p>\n<p>20 <strong>Robert Warth<\/strong> &gt; 3. BM Vierkampf, 3. BM Block Sprint-Sprung<\/p>\n<p>10 <strong>Jonas Braszus<\/strong> &gt; 3. BM Dreisprung<\/p>\n<p>5 <strong>Luis Mink<\/strong> &gt; KM 2000 m<\/p>\n<p>5 <strong>Noah Schneider<\/strong> &gt; KM 50 m<\/p>\n<p>Mannschaften<\/p>\n<p>400 <strong>A-Sch\u00fcler-Team<\/strong> &gt; <strong>Deutscher Sch\u00fcler-Mannschaftsmeister (1. DSMM)<\/strong>: Sascha Graf, Jakob Fischer, Philipp Frank, Luis Mink<\/p>\n<p>80 <strong>A-Sch\u00fcler-Team<\/strong> &gt; BM DSMM: Sascha Graf, Philipp Frank, Christian Ellwardt<\/p>\n<p>45 <strong>B-Sch\u00fcler-Team<\/strong> &gt; 2. BM DSMM: Robert Warth, Luis Mink, Florian Fischer<\/p>\n<p>25 <strong>B-Sch\u00fcler-Team<\/strong> &gt; KM Block (Florian Fischer, Luis Mink, Robert Warth, Claudio Rapke, Nicolas Gehring)<\/p>\n<h4><strong>Sch\u00fclerinnen<\/strong><\/h4>\n<p>15 <strong>Sarah Schneider<\/strong> &gt; KM Kugel, KM Stabhoch, Vierkampf<\/p>\n<p>5 <strong>Nadine Schneider<\/strong> &gt; KM Speer<\/p>\n<p>2008: 2520 P \/ 2007: 2278 P\/ 2006: 2225 \/ 2005: 2405 \/ 2004: 2949 \/ 2003: 2185 \/ 2003: 1855<\/p>\n<p>WM=Weltm., EM=Europ.M, DM=Dt.M, SM=S\u00fcddt.M, BWM= Baden-W\u00fcrrtemb., BM=Bad., KM=Kreism., G=Gehen, H=Halle, S=Senioren, W=Winter, R=Rekord<\/p>\n<p>WM,EM 150 Punkte &#8211; 8. WM,EM 80 \/ DR 100 \/ DM 90 &#8211; 8. DM 20 \/ SM 50 &#8211; 8. SM 15 \/ BWM 30 &#8211; 6. BWM 5 \/ BR 30 \/ BM 20 &#8211; 3. BM 10 \/ KR 15 \/ KM 5<\/p>\n<p>Senioren halbe Wertung<\/p>\n","protected":false},"excerpt":{"rendered":"<p>Punkte \/ Name \/ Erfolge M\u00e4nner 150 Adam Domicz &gt; 2. DSM Halle 60 m H\u00fcrden, 5. DSM Halle Hochsprung, BWM M40 Halle 60 m H\u00fcrden, 60 m, BWM M40 110 m H\u00fcrden, 2. BWM M40 Hoch, Weit, 4. BWM M 40 Hoch, KM Hoch, KM M40 110 m H\u00fcrden 42,5 Kristian Rett &gt; 3. [&hellip;]<\/p>\n","protected":false},"author":20,"featured_media":0,"parent":502,"menu_order":100,"comment_status":"open","ping_status":"open","template":"","meta":{"footnotes":""},"class_list":["post-49","page","type-page","status-publish","hentry"],"_links":{"self":[{"href":"https:\/\/www.sclbadenbaden.de\/index.php?rest_route=\/wp\/v2\/pages\/49","targetHints":{"allow":["GET"]}}],"collection":[{"href":"https:\/\/www.sclbadenbaden.de\/index.php?rest_route=\/wp\/v2\/pages"}],"about":[{"href":"https:\/\/www.sclbadenbaden.de\/index.php?rest_route=\/wp\/v2\/types\/page"}],"author":[{"embeddable":true,"href":"https:\/\/www.sclbadenbaden.de\/index.php?rest_route=\/wp\/v2\/users\/20"}],"replies":[{"embeddable":true,"href":"https:\/\/www.sclbadenbaden.de\/index.php?rest_route=%2Fwp%2Fv2%2Fcomments&post=49"}],"version-history":[{"count":4,"href":"https:\/\/www.sclbadenbaden.de\/index.php?rest_route=\/wp\/v2\/pages\/49\/revisions"}],"predecessor-version":[{"id":8195,"href":"https:\/\/www.sclbadenbaden.de\/index.php?rest_route=\/wp\/v2\/pages\/49\/revisions\/8195"}],"up":[{"embeddable":true,"href":"https:\/\/www.sclbadenbaden.de\/index.php?rest_route=\/wp\/v2\/pages\/502"}],"wp:attachment":[{"href":"https:\/\/www.sclbadenbaden.de\/index.php?rest_route=%2Fwp%2Fv2%2Fmedia&parent=49"}],"curies":[{"name":"wp","href":"https:\/\/api.w.org\/{rel}","templated":true}]}}