{"id":4180,"date":"2012-01-28T17:31:31","date_gmt":"2012-01-28T16:31:31","guid":{"rendered":"http:\/\/www.sclbadenbaden.de\/?page_id=4180"},"modified":"2026-02-13T09:53:32","modified_gmt":"2026-02-13T08:53:32","slug":"termin-29-6-heel-lauf","status":"publish","type":"page","link":"https:\/\/www.sclbadenbaden.de\/?page_id=4180","title":{"rendered":"19. Juni 2026 &#8211; Heel-Lauf"},"content":{"rendered":"\n<figure class=\"wp-block-image size-large\"><a href=\"https:\/\/sclbadenbaden.de\/wp-content\/uploads\/2021\/06\/IMG_8959.jpg\"><img loading=\"lazy\" decoding=\"async\" width=\"1024\" height=\"576\" src=\"https:\/\/sclbadenbaden.de\/wp-content\/uploads\/2021\/06\/IMG_8959-1024x576.jpg\" alt=\"\" class=\"wp-image-16483\" srcset=\"https:\/\/www.sclbadenbaden.de\/wp-content\/uploads\/2021\/06\/IMG_8959-1024x576.jpg 1024w, https:\/\/www.sclbadenbaden.de\/wp-content\/uploads\/2021\/06\/IMG_8959-300x169.jpg 300w, https:\/\/www.sclbadenbaden.de\/wp-content\/uploads\/2021\/06\/IMG_8959-150x84.jpg 150w, https:\/\/www.sclbadenbaden.de\/wp-content\/uploads\/2021\/06\/IMG_8959-768x432.jpg 768w, https:\/\/www.sclbadenbaden.de\/wp-content\/uploads\/2021\/06\/IMG_8959-1536x864.jpg 1536w, https:\/\/www.sclbadenbaden.de\/wp-content\/uploads\/2021\/06\/IMG_8959.jpg 2015w\" sizes=\"auto, (max-width: 1024px) 100vw, 1024px\" \/><\/a><\/figure>\n\n\n<p>Der Heel-Lauf 2019 \u00fcber 10 Kilometer f\u00fchrte erstmals vom Heel Betriebsgel\u00e4nde in Baden-Oos \u00fcber die Gr\u00fcne Einfahrt, die Fu\u00dfg\u00e4ngerzone, bis zur Klosterwiese in Lichtental und zur\u00fcck zum Ziel beim Theater Baden-Baden. Dort erwarteten Hunderte Zuschauer die fast 2000 L\u00e4uferinnen und L\u00e4ufer. Auch 2024 wird der Heel-Lauf wieder von Baden-Oos (Start Firma Heel) bis in die Innenstadt f\u00fchren.<\/p>\n<p>Der Heel-Lauf startet am Freitag, 19. Juni 2026<\/p>\n<p>Details und Anmeldung: <a href=\"https:\/\/lauf.heel.de\/de\/home.html\">www.lauf.heel.de<\/a><\/p>\n<p>&nbsp;<\/p>\n<p>&nbsp;<\/p>\n<p>&nbsp;<\/p>\n\n\n<p><\/p>\n","protected":false},"excerpt":{"rendered":"<p>Der Heel-Lauf 2019 \u00fcber 10 Kilometer f\u00fchrte erstmals vom Heel Betriebsgel\u00e4nde in Baden-Oos \u00fcber die Gr\u00fcne Einfahrt, die Fu\u00dfg\u00e4ngerzone, bis zur Klosterwiese in Lichtental und zur\u00fcck zum Ziel beim Theater Baden-Baden. Dort erwarteten Hunderte Zuschauer die fast 2000 L\u00e4uferinnen und L\u00e4ufer. Auch 2024 wird der Heel-Lauf wieder von Baden-Oos (Start Firma Heel) bis in die [&hellip;]<\/p>\n","protected":false},"author":20,"featured_media":0,"parent":508,"menu_order":1,"comment_status":"open","ping_status":"open","template":"","meta":{"footnotes":""},"class_list":["post-4180","page","type-page","status-publish","hentry"],"_links":{"self":[{"href":"https:\/\/www.sclbadenbaden.de\/index.php?rest_route=\/wp\/v2\/pages\/4180","targetHints":{"allow":["GET"]}}],"collection":[{"href":"https:\/\/www.sclbadenbaden.de\/index.php?rest_route=\/wp\/v2\/pages"}],"about":[{"href":"https:\/\/www.sclbadenbaden.de\/index.php?rest_route=\/wp\/v2\/types\/page"}],"author":[{"embeddable":true,"href":"https:\/\/www.sclbadenbaden.de\/index.php?rest_route=\/wp\/v2\/users\/20"}],"replies":[{"embeddable":true,"href":"https:\/\/www.sclbadenbaden.de\/index.php?rest_route=%2Fwp%2Fv2%2Fcomments&post=4180"}],"version-history":[{"count":43,"href":"https:\/\/www.sclbadenbaden.de\/index.php?rest_route=\/wp\/v2\/pages\/4180\/revisions"}],"predecessor-version":[{"id":23329,"href":"https:\/\/www.sclbadenbaden.de\/index.php?rest_route=\/wp\/v2\/pages\/4180\/revisions\/23329"}],"up":[{"embeddable":true,"href":"https:\/\/www.sclbadenbaden.de\/index.php?rest_route=\/wp\/v2\/pages\/508"}],"wp:attachment":[{"href":"https:\/\/www.sclbadenbaden.de\/index.php?rest_route=%2Fwp%2Fv2%2Fmedia&parent=4180"}],"curies":[{"name":"wp","href":"https:\/\/api.w.org\/{rel}","templated":true}]}}