{"id":3282,"date":"2011-05-13T11:50:21","date_gmt":"2011-05-13T10:50:21","guid":{"rendered":"http:\/\/www.sclbadenbaden.de\/?page_id=3282"},"modified":"2014-12-29T14:40:25","modified_gmt":"2014-12-29T13:40:25","slug":"scl-tops-2011","status":"publish","type":"page","link":"https:\/\/www.sclbadenbaden.de\/?page_id=3282","title":{"rendered":"SCL Tops 2011"},"content":{"rendered":"<h1>Punkte \/ Name \/ Erfolge und Titel<\/h1>\n<div>\n<div>\n<p><strong><span style=\"text-decoration: underline;\">M\u00e4nner<\/span><\/strong><\/p>\n<p>295\u00a0<strong>Adam Domicz <\/strong>&gt; <strong>DR 60 Meter H\u00fcrden (M45); DM Sen 60 Meter H\u00fcrden, 110 Meter H\u00fcrden,<\/strong> 2. DM Sen Hochsprung, 3. DM Halle Sen Hochsprung,<strong> BWM Sen 60 Meter, Hochsprung, 110 Meter H\u00fcrden; <\/strong>2. BWM Hochsprung,\u00a03. BWM Sen Weitsprung, 200 Meter; , KM Sen Hoch<\/p>\n<p>295\u00a0<strong>Carl Dohmann<\/strong> &gt; 2. DM Junioren 10.000 Meter Gehen, 4. DM 20 km Gehen, 4. DM Gehen 10.000 Meter,\u00a0<strong>BR 20 km Gehen<\/strong>, <strong>BM 20 km Gehen,<\/strong> KR 20 km Gehen, 10.000 Meter Gehen, 5000 Meter Gehen<\/p>\n<p>40<strong> Kristian Rett<\/strong> &gt; 7. DM Sen Stabhochsprung, 2. BWM Sen Stabhochsprung, 4. BWM Sen Hochsprung, KM Sen Hochsprung, Weitsprung<\/p>\n<p>25\u00a0<strong>Michael Arndt<\/strong> &gt; 2. BW Sen Halbmarathon, Waldlauf<\/p>\n<p>15 <strong>Simon Rett <\/strong>&gt; 2. Euro-Distrikt 200 Meter<\/p>\n<p>a.W. <strong>Tim Assenheimer<\/strong> &gt; BWM 200, 4 x 400 Meter<\/p>\n<p>&nbsp;<\/p>\n<p><strong><span style=\"text-decoration: underline;\">Frauen<\/span><\/strong><\/p>\n<p>197,5<strong> Christina Lipps &gt; SM Sen Dreikampf, <\/strong>3. DM Sen Weitsprung, 5. DM Sen 100 Meter, <strong>BWM Halle Sen Kugelsto\u00dfen, 60 Meter, Weitsprung; BWM Sen Kugelsto\u00dfen, Diskuswurf, Weitsprung, <\/strong>3. BMW Sen 100 Meter,\u00a0KM Sen 100, Weitsprung, Kugelsto\u00dfen, Diskuswurf, Hammerwurf<\/p>\n<p>110 \u00a0<strong>Helga Ret<\/strong>t &gt; 2. DM Sen 400 Meter, 800 Meter, BWM Sen 400 Meter, 800 Meter<\/p>\n<p>7,5<strong> Julia Bossert &gt; <\/strong>KM Sen 5000 Meter, 200, 800<\/p>\n<p>5 <strong>Ulrike Meixner-Nitze &gt;<\/strong> KM Sen Diskuswurf, Kugelsto\u00dfen<\/p>\n<p>Mannschaft<\/p>\n<p>50 <strong>Deutscher Rekord\u00a03 x 800 Meter Damen w 55<\/strong> &gt; Helga Rett, Gabi Schwan, Lidia Zentner<\/p>\n<p>&nbsp;<\/p>\n<p><strong><span style=\"text-decoration: underline;\">M\u00e4nnliche Jugend<\/span><\/strong><\/p>\n<p>75\u00a0<strong>Philipp Frank (MJB) &gt; BM 400 Meter<\/strong>, <strong>1. Euro-Distrikt 400 Mete<\/strong>r, 2. BM 400 Meter, 3. BWM 400 Meter<\/p>\n<p>55\u00a0<strong>Sascha Graf (MJB<\/strong>) &gt; 1. Euro-Distrikt Kugelsto\u00dfen, Speerwerfen, 2. BM Speerwerfen<\/p>\n<p>10 <strong>David Simonis\u00a0(MJA)<\/strong> &gt; 3. Euro-Distrikt 200 Meter<\/p>\n<p>5 <strong>Jakob Fischer<\/strong> (MJB) &gt; 6. BWM Hochsprung<\/p>\n<p>Mannschaft<\/p>\n<p>360<strong> Jugend &gt; 1. DJMM Finale Philipp Frank, Jakob Fischer, Davis Simonis, Lukas Irtel von Brenndorff<\/strong><\/p>\n<p><strong>Jugend A<\/strong> &gt; <strong>BM 4 x 200 Meter Halle<\/strong> (Startgemeinschaft MTG\/SCL)<\/p>\n<p><strong>Jugend B <\/strong>&gt; <strong>BM 4 x 200 Meter Halle<\/strong> (Startgemeinschaft MTG\/SCL)<\/p>\n<p><strong>Jugend A &gt; BWM 4 x 100 Meter<\/strong> (Startgemeinschaft MTG\/SCL)<\/p>\n<p><strong>Jugend A &gt; BM 4 x 100 Meter <\/strong>(Startgemeinschaft MTG \/ SCL)<\/p>\n<p>&nbsp;<\/p>\n<p><strong><span style=\"text-decoration: underline;\">Sch\u00fcler<\/span><\/strong><\/p>\n<p>270\u00a0<strong>Aphiwat Stein<\/strong> &gt; 8. DM Block Wurf,\u00a0<strong>BM Halle Weit<\/strong>, <strong>BM 100 Meter; \u00a01. Euro-Distrikt 100 Meter;<\/strong> 2. BWM Weit, 100 Meter; 4. BWM Diskus, 2. BM Block Wurf, Diskuswurf, 3. BM 60 Meter, Weitsprung, Kugelsto\u00dfen, \u00a0KM 80 Meter H\u00fcrden, Block Wurf, 100, Weitsprung, Kugelsto\u00dfen, Diskuswerfen, Vierkampf ; KR Diskuswurf, 300 Meter<\/p>\n<p>140<strong> Robert Warth<\/strong> &gt;\u00a0<strong>BM Halle Stabhoch<\/strong>, <strong>BM 80 Meter H\u00fcrden<\/strong>, <strong>Weitsprung<\/strong>, \u00a02. BWM 80 Meter H\u00fcrden, 4. BWM Weitsprung, 2. BM Stabhochsprung, 3. BM Weit; KR Stabhochsprung<\/p>\n<p>50\u00a0<strong>Marco Hurbanic<\/strong> &gt; 1. Euro-Distrikt Diskuswurf, KM Kugelsto\u00dfen, Diskuswerfen, Ballwurf, KR Diskuswurf<\/p>\n<p>50<strong> Florian Werling <\/strong>&gt; 5. BWM Speer; 2. BM Speer, Block Sprint, KM Hochsprung, Speerwurf<\/p>\n<p>Mannschaft<\/p>\n<p>20<strong> B-Sch\u00fcler<\/strong> &gt; BM DSMM: Marco Hurbanic<\/p>\n<p>30 <strong>A-Sch\u00fcler<\/strong> &gt; 2. BM DSMM: Robert Warth, Florian Werling<\/p>\n<p>60<strong> A-Sch\u00fcle<\/strong>r &gt; 2. BM 4 x 100 Meter Halle: Robert Warth, Aphiwat Stein, Alexander Gruhler (MTG), Henning Freudenberger (MTG)<\/p>\n<p>160 <strong>A-Sch\u00fcler <\/strong>&gt; 3. SM 4 x 100 Meter:\u00a0Alexander Gruhler (MTG),\u00a0\u00a0Kai Gross (MTG),\u00a0Florian Krug (MTG),\u00a0Robert Warth (SCL)<\/p>\n<p>60 <strong>A-Sch\u00fcler<\/strong> &gt; 2. BM 4 x 100 Meter: Alexander Gruler , Florian Krug, Henning Freudenberger (alle MTG), Aphiwat Stein (SCL)<\/p>\n<p>&nbsp;<\/p>\n<p><strong><strong><span style=\"text-decoration: underline;\">Sch\u00fclerinnen<\/span><\/strong><\/strong><\/p>\n<p>5<strong> Lara Jaenicke &gt;<\/strong> KM Block Sprint<\/p>\n<p>5 <strong>Alina Hagel <\/strong>&gt; KM Diskus<\/p>\n<p><strong><strong>2011: 2450<\/strong><\/strong><\/p>\n<p>2010: 1615 \/ 2009: 2000 P \/ 2008: 2520 P \/ 2007: 2278 P\/ 2006: 2225 \/ 2005: 2405 \/ 2004: 2949 \/ 2003: 2185 \/ 2003: 1855<\/p>\n<p>WM=Weltm., EM=Europ.M, DM=Dt.M, SM=S\u00fcddt.M, BWM= Baden-W\u00fcrrtemb., BM=Bad., KM=Kreism., G=Gehen, H=Halle, S=Senioren, W=Winter, R=Rekord<\/p>\n<p>WM,EM 150 Punkte &#8211;\u00a08. WM, EM 80\u00a0\/ DR 100 \/ DM 90 \u2013 8. DM 20 \/ SM 50 \u2013 8. SM 15 \/ BWM 30 \u2013 6. BWM 5 \/ BR 30 \/ Euro-Distrikt-BM 20 \u2013 3. Euro-Distrikt-BM 10 \/ KR 15 \/ KM 5<\/p>\n<p>Senioren halbe Wertung<\/p>\n<\/div>\n<\/div>\n","protected":false},"excerpt":{"rendered":"<p>Punkte \/ Name \/ Erfolge und Titel M\u00e4nner 295\u00a0Adam Domicz &gt; DR 60 Meter H\u00fcrden (M45); DM Sen 60 Meter H\u00fcrden, 110 Meter H\u00fcrden, 2. DM Sen Hochsprung, 3. DM Halle Sen Hochsprung, BWM Sen 60 Meter, Hochsprung, 110 Meter H\u00fcrden; 2. BWM Hochsprung,\u00a03. BWM Sen Weitsprung, 200 Meter; , KM Sen Hoch 295\u00a0Carl Dohmann [&hellip;]<\/p>\n","protected":false},"author":1,"featured_media":0,"parent":502,"menu_order":90,"comment_status":"open","ping_status":"open","template":"","meta":{"footnotes":""},"class_list":["post-3282","page","type-page","status-publish","hentry"],"_links":{"self":[{"href":"https:\/\/www.sclbadenbaden.de\/index.php?rest_route=\/wp\/v2\/pages\/3282","targetHints":{"allow":["GET"]}}],"collection":[{"href":"https:\/\/www.sclbadenbaden.de\/index.php?rest_route=\/wp\/v2\/pages"}],"about":[{"href":"https:\/\/www.sclbadenbaden.de\/index.php?rest_route=\/wp\/v2\/types\/page"}],"author":[{"embeddable":true,"href":"https:\/\/www.sclbadenbaden.de\/index.php?rest_route=\/wp\/v2\/users\/1"}],"replies":[{"embeddable":true,"href":"https:\/\/www.sclbadenbaden.de\/index.php?rest_route=%2Fwp%2Fv2%2Fcomments&post=3282"}],"version-history":[{"count":3,"href":"https:\/\/www.sclbadenbaden.de\/index.php?rest_route=\/wp\/v2\/pages\/3282\/revisions"}],"predecessor-version":[{"id":8185,"href":"https:\/\/www.sclbadenbaden.de\/index.php?rest_route=\/wp\/v2\/pages\/3282\/revisions\/8185"}],"up":[{"embeddable":true,"href":"https:\/\/www.sclbadenbaden.de\/index.php?rest_route=\/wp\/v2\/pages\/502"}],"wp:attachment":[{"href":"https:\/\/www.sclbadenbaden.de\/index.php?rest_route=%2Fwp%2Fv2%2Fmedia&parent=3282"}],"curies":[{"name":"wp","href":"https:\/\/api.w.org\/{rel}","templated":true}]}}