{"id":20,"date":"2007-02-01T00:45:15","date_gmt":"2007-01-31T23:45:15","guid":{"rendered":"http:\/\/www.sclbadenbaden.de\/?page_id=20"},"modified":"2026-03-14T10:18:24","modified_gmt":"2026-03-14T09:18:24","slug":"trainingszeiten","status":"publish","type":"page","link":"https:\/\/www.sclbadenbaden.de\/?page_id=20","title":{"rendered":"Trainingszeiten"},"content":{"rendered":"\n<p>Der neue Sommer-Trainingsplan &#8211; g\u00fcltig ab 16. M\u00e4rz 2026<\/p>\n\n\n\n<p><strong>Trainingszeiten und Orte k\u00f6nnen in den einzelnen Gruppen je nach Wetterlage bis Ende M\u00e4rz abweichen. Bitte die Anweisungen der Trainer in den Kontaktgruppen beachten.<\/strong><\/p>\n\n\n\n<div data-wp-interactive=\"core\/file\" class=\"wp-block-file\"><object data-wp-bind--hidden=\"!state.hasPdfPreview\" hidden class=\"wp-block-file__embed\" data=\"https:\/\/www.sclbadenbaden.de\/wp-content\/uploads\/2026\/03\/Sommertrainingsplan-2026-1.pdf\" type=\"application\/pdf\" style=\"width:100%;height:600px\" aria-label=\"Einbettung von Sommertrainingsplan 2026.\"><\/object><a id=\"wp-block-file--media-7d2a9d3e-c024-4060-8847-87b54d91b23f\" href=\"https:\/\/www.sclbadenbaden.de\/wp-content\/uploads\/2026\/03\/Sommertrainingsplan-2026-1.pdf\">Sommertrainingsplan 2026<\/a><a href=\"https:\/\/www.sclbadenbaden.de\/wp-content\/uploads\/2026\/03\/Sommertrainingsplan-2026-1.pdf\" class=\"wp-block-file__button wp-element-button\" download aria-describedby=\"wp-block-file--media-7d2a9d3e-c024-4060-8847-87b54d91b23f\">Herunterladen<\/a><\/div>\n\n\n\n<p><\/p>\n","protected":false},"excerpt":{"rendered":"<p>Der neue Sommer-Trainingsplan &#8211; g\u00fcltig ab 16. M\u00e4rz 2026 Trainingszeiten und Orte k\u00f6nnen in den einzelnen Gruppen je nach Wetterlage bis Ende M\u00e4rz abweichen. Bitte die Anweisungen der Trainer in den Kontaktgruppen beachten.<\/p>\n","protected":false},"author":1,"featured_media":0,"parent":0,"menu_order":1,"comment_status":"open","ping_status":"open","template":"","meta":{"footnotes":""},"class_list":["post-20","page","type-page","status-publish","hentry"],"_links":{"self":[{"href":"https:\/\/www.sclbadenbaden.de\/index.php?rest_route=\/wp\/v2\/pages\/20","targetHints":{"allow":["GET"]}}],"collection":[{"href":"https:\/\/www.sclbadenbaden.de\/index.php?rest_route=\/wp\/v2\/pages"}],"about":[{"href":"https:\/\/www.sclbadenbaden.de\/index.php?rest_route=\/wp\/v2\/types\/page"}],"author":[{"embeddable":true,"href":"https:\/\/www.sclbadenbaden.de\/index.php?rest_route=\/wp\/v2\/users\/1"}],"replies":[{"embeddable":true,"href":"https:\/\/www.sclbadenbaden.de\/index.php?rest_route=%2Fwp%2Fv2%2Fcomments&post=20"}],"version-history":[{"count":138,"href":"https:\/\/www.sclbadenbaden.de\/index.php?rest_route=\/wp\/v2\/pages\/20\/revisions"}],"predecessor-version":[{"id":23388,"href":"https:\/\/www.sclbadenbaden.de\/index.php?rest_route=\/wp\/v2\/pages\/20\/revisions\/23388"}],"wp:attachment":[{"href":"https:\/\/www.sclbadenbaden.de\/index.php?rest_route=%2Fwp%2Fv2%2Fmedia&parent=20"}],"curies":[{"name":"wp","href":"https:\/\/api.w.org\/{rel}","templated":true}]}}