{"id":18387,"date":"2022-10-10T09:50:46","date_gmt":"2022-10-10T08:50:46","guid":{"rendered":"https:\/\/www.sclbadenbaden.de\/?page_id=18387"},"modified":"2023-08-18T15:05:15","modified_gmt":"2023-08-18T14:05:15","slug":"schnuppertraining","status":"publish","type":"page","link":"https:\/\/www.sclbadenbaden.de\/?page_id=18387","title":{"rendered":"Schnuppertraining"},"content":{"rendered":"\n<p>Liebe Eltern,<\/p>\n\n\n\n<p>herzlichen Dank, dass Sie sich f\u00fcr das Leichtathletik-Training f\u00fcr Kinder interessieren. <\/p>\n\n\n\n<p>Gerne darf Ihr Kind 3 Mal bei uns kostenlos zum Schnupper-Training kommen. Bitte f\u00fcllen Sie aber vorab die Anmeldung zum Schnuppertraining aus und \u00fcbergeben diese dem zust\u00e4ndigen Trainer im Aumattstadion. <\/p>\n\n\n\n<p><\/p>\n\n\n\n<div data-wp-interactive=\"core\/file\" class=\"wp-block-file\"><object data-wp-bind--hidden=\"!state.hasPdfPreview\" hidden class=\"wp-block-file__embed\" data=\"https:\/\/sclbadenbaden.de\/wp-content\/uploads\/2023\/08\/20221006-Schnupper-Training-Anmeldung.pdf\" type=\"application\/pdf\" style=\"width:100%;height:600px\" aria-label=\"Einbettung von 20221006-Schnupper-Training-Anmeldung.\"><\/object><a id=\"wp-block-file--media-6e761f98-75ee-454b-b510-b0bdb409fece\" href=\"https:\/\/sclbadenbaden.de\/wp-content\/uploads\/2023\/08\/20221006-Schnupper-Training-Anmeldung.pdf\">20221006-Schnupper-Training-Anmeldung<\/a><a href=\"https:\/\/sclbadenbaden.de\/wp-content\/uploads\/2023\/08\/20221006-Schnupper-Training-Anmeldung.pdf\" class=\"wp-block-file__button wp-element-button\" download aria-describedby=\"wp-block-file--media-6e761f98-75ee-454b-b510-b0bdb409fece\">Herunterladen<\/a><\/div>\n","protected":false},"excerpt":{"rendered":"<p>Liebe Eltern, herzlichen Dank, dass Sie sich f\u00fcr das Leichtathletik-Training f\u00fcr Kinder interessieren. Gerne darf Ihr Kind 3 Mal bei uns kostenlos zum Schnupper-Training kommen. Bitte f\u00fcllen Sie aber vorab die Anmeldung zum Schnuppertraining aus und \u00fcbergeben diese dem zust\u00e4ndigen Trainer im Aumattstadion.<\/p>\n","protected":false},"author":20,"featured_media":0,"parent":0,"menu_order":2,"comment_status":"closed","ping_status":"closed","template":"","meta":{"footnotes":""},"class_list":["post-18387","page","type-page","status-publish","hentry"],"_links":{"self":[{"href":"https:\/\/www.sclbadenbaden.de\/index.php?rest_route=\/wp\/v2\/pages\/18387","targetHints":{"allow":["GET"]}}],"collection":[{"href":"https:\/\/www.sclbadenbaden.de\/index.php?rest_route=\/wp\/v2\/pages"}],"about":[{"href":"https:\/\/www.sclbadenbaden.de\/index.php?rest_route=\/wp\/v2\/types\/page"}],"author":[{"embeddable":true,"href":"https:\/\/www.sclbadenbaden.de\/index.php?rest_route=\/wp\/v2\/users\/20"}],"replies":[{"embeddable":true,"href":"https:\/\/www.sclbadenbaden.de\/index.php?rest_route=%2Fwp%2Fv2%2Fcomments&post=18387"}],"version-history":[{"count":7,"href":"https:\/\/www.sclbadenbaden.de\/index.php?rest_route=\/wp\/v2\/pages\/18387\/revisions"}],"predecessor-version":[{"id":19557,"href":"https:\/\/www.sclbadenbaden.de\/index.php?rest_route=\/wp\/v2\/pages\/18387\/revisions\/19557"}],"wp:attachment":[{"href":"https:\/\/www.sclbadenbaden.de\/index.php?rest_route=%2Fwp%2Fv2%2Fmedia&parent=18387"}],"curies":[{"name":"wp","href":"https:\/\/api.w.org\/{rel}","templated":true}]}}